{"id":1062,"date":"2015-09-06T16:23:58","date_gmt":"2015-09-06T16:23:58","guid":{"rendered":"http:\/\/streamexico.com\/?page_id=1062"},"modified":"2015-09-06T16:23:58","modified_gmt":"2015-09-06T16:23:58","slug":"transparencia","status":"publish","type":"page","link":"https:\/\/streamexico.com\/home\/transparencia\/","title":{"rendered":"TRANSPARENCIA"},"content":{"rendered":"<p>StreaMexico est\u00e1 comprometido con las instituciones p\u00fablicas y privadas en t\u00e9rminos de transparencia, es por eso que ponemos a su disposici\u00f3n nuestro servicio de Transparencia Digital.<\/p>\n<p>El streaming se ha convertido en una herramienta fundamental para dar a conocer informes, negociaciones, decisiones. Sociedad, Iniciativa Privada y Gobierno est\u00e1n obligados a transparentar sus recursos y su forma de administrarlos.<\/p>\n<p><strong>Marco Normativo<\/strong><\/p>\n<ul>\n<li>LEY ORGANICA DE LA ADMINISTRACION P\u00daBLICA FEDERAL<\/li>\n<li>Ley org\u00e1nica de la administraci\u00f3n p\u00fablica federal.<\/li>\n<li>LEY FEDERAL DE PRESUPUESTO Y RESPONSABILIDAD HACENDARIA<\/li>\n<li>Ley federal de presupuesto y responsabilidad hacendaria.<\/li>\n<li>LEY FEDERAL DE LAS ENTIDADES PARAESTATALES<\/li>\n<li>Ley federal de las entidad paraestatales.<\/li>\n<li>LEY DE ADQUISICIONES ARRENDAMIENTOS Y SERVICIOS DEL SECTOR P\u00daBLICO (LAASSP) Y SU REGLAMENTO.<\/li>\n<li>Ley de adquisiciones arrendamientos y servicios del sector p\u00fablico (LAASSP) y su reglamento.<\/li>\n<li>DECRETO QUE ESTABLECE LAS MEDIDAS PARA EL USO EFICIENTE, TRANSPARANTE Y EFICAZ DE LOS RECURSOS P\u00daBLICOS, Y LAS ACCIONES DE DISCIPLINA<\/li>\n<li>Decreto que establece las medidas para el uso eficiente, transparente y eficaz de los recursos p\u00fablicos, y las acciones de disciplina.<\/li>\n<li>PRESUPUESTARIA EN EL EJERCICIO DEL GASTO PUBLICO, AS\u00cd COMO LA MODERNIZACION DE LA ADMINISTRACI\u00d3N P\u00daBLICA FEDERAL (DOF 10\/12\/2012).<\/li>\n<li>ACUERDO DE POL\u00cdTICAS Y DISPOSICIONES PARA LA ESTRATEGIA DIGITAL NACIONAL Y EL MAAGTISI DEL DOF 08\/05\/2014.<\/li>\n<li>ACUERDO POR EL QUE SE EXPIDE EL MANUAL ADMINISTRATIVO DE APLICACI\u00d3N GENERAL EN MATER\u00cdA DE ADQUISICIONES, ARRENDAMIENTOS Y SERVICIOS DEL SECTOR P\u00daBLICO.<\/li>\n<li>CODIGO FISCAL DE LA FEDERACION<\/li>\n<li>LEY FEDERAL DE PROCEDIMIENTO ADMINISTRATIVO<\/li>\n<li>LEY FEDERAL DE TRANSPARENCIA Y ACCESO A LA INFORMACION P\u00daBLICA GUBERNAMENTAL.<\/li>\n<li>LEY FEDERAL PARA LA ADMINISTRACION Y ENAJENACION DE BIENES DEL SECTOR P\u00daBLICO<\/li>\n<li>LEY FEDERAL ANTICORRUPCI\u00d3N EN CONTRATACIONES P\u00daBLICAS<\/li>\n<li>PLAN NACIONAL DE DESARROLLO 2013-2018<\/li>\n<li>PROGRAMA DE UN GOBIERNO CERCANO Y MODERNO<\/li>\n<\/ul>\n<p><strong>DESCRIPCI\u00d3N GENERAL DEL PROYECTO<\/strong><\/p>\n<p>El proyecto consiste en la entrega de un servicio de streaming el cual permita el acceso en l\u00ednea mediante un sitio web hasta 200 usuarios, mismo que podr\u00e1n ver en vivo los eventos programados en el Instituto y sin restricci\u00f3n alguna desde cualquier tipo de dispositivo m\u00f3vil y\/o equipo de c\u00f3mputo, para esto se contara con asistencia t\u00e9cnica en sitio y soporte.<\/p>\n<p><strong>\u00a0<\/strong><\/p>\n<p><strong>ANTECEDENTES<\/strong><\/p>\n<p>Un inconveniente con el que cuenta el Instituto Nacional de Psiquiatr\u00eda, es el no tener la suficiente capacidad en las instalaciones del Auditorio, mismo que de forma anual genera una demanda mayor, la cual se incrementa en el evento conocido como la Reuni\u00f3n Anual de Investigaci\u00f3n.<\/p>\n<p>Como cada a\u00f1o, el Instituto Nacional de Psiquiatr\u00eda Ram\u00f3n de la Fuente Mu\u00f1iz celebrar\u00e1 su Reuni\u00f3n Anual de Investigaci\u00f3n en donde un grupo de investigadores -nacionales y extranjeros-presentar\u00e1 sus m\u00e1s recientes aportaciones cient\u00edficas dentro de los campos de la psiquiatr\u00eda y la salud mental.<\/p>\n<p>Este evento es gratuito y est\u00e1 abierto al p\u00fablico en general relacionado con el \u00e1mbito de la salud mental, desde estudiantes hasta investigadores y especialistas.<\/p>\n<p>Por esta raz\u00f3n es de suma importancia contar con un sistema de Streming en vivo y por internet, con el cual se considera abarcar un sector de la poblaci\u00f3n interesado en recibir las conferencias y que no pueda asistir. Adem\u00e1s, es un medio para la difusi\u00f3n del conocimiento que se genera en el Instituto.<\/p>\n<p><strong><br \/>\nDESCRIPCI\u00d3N DE LOS SERVICIOS Y ENTREGABLES<\/strong><\/p>\n<p>El servicio de Streaming se deber\u00e1 entregar del 07 al 09 de Octubre del 2015 en el Instituto Nacional de Psiquiatr\u00eda, con el fin de cubrir 10 horas diarias como m\u00e1ximo en cada uno de los d\u00edas solicitados, esto depender\u00e1 del evento y se informara con anticipaci\u00f3n al proveedor.<\/p>\n<p>Se deber\u00e1 permitir el acceso en l\u00ednea mediante un sitio web para 200 usuarios, mismo que podr\u00e1n ver en vivo el evento y sin restricci\u00f3n alguna desde cualquier tipo de dispositivo m\u00f3vil y\/o equipo de c\u00f3mputo.<\/p>\n<p>El proveedor proporcionar\u00e1 el servicio mediante el uso de una c\u00e1mara de video, misma que conectara a un equipo de captura de video con el fin de lograr la transmisi\u00f3n a un servidor de Streaming propiedad del proveedor, la forma en que el proveedor genere la transmisi\u00f3n depender\u00e1 completamente del proveedor y de los dispositivos que considere necesarios para tal fin.<\/p>\n<p>El instituto proporcionar\u00e1 el servicio de Internet pudiendo ser cualquiera de las dos siguientes propuestas:<\/p>\n<ol>\n<li>Un enlace ADSL de 2Mbsp,<\/li>\n<li>Un enlace dedicado de 2Mbps, mismo que se comparte con el servicio de Videoconferencia.<\/li>\n<\/ol>\n<p>El servicio deber\u00e1 ofrecer una transmisi\u00f3n en tiempo real sin que los usuarios del sitio web requieran descargar ning\u00fan software adicional, el monitoreo de las se\u00f1ales y el servicio de estad\u00edstica tampoco requerir\u00e1 de la instalaci\u00f3n de ning\u00fan software adicional y deber\u00e1 poder consultarse desde cualquier equipo desde internet, la actividad de monitoreo y envi\u00f3 de se\u00f1al depender\u00e1 de forma exclusiva del proveedor del servicio.<\/p>\n<p>De manera diaria al t\u00e9rmino del evento el proveedor entregar\u00e1 un reporte sobre la cantidad de usuarios que utilizaron el servicio.<\/p>\n<p>El proveedor deber\u00e1 entregar al t\u00e9rmino del servicio la grabaci\u00f3n de cada uno de los d\u00edas transmitidos en DVD.<\/p>\n<p>El proveedor dar\u00e1 soporte en sitio los cuatro d\u00edas del servicio con personal especializado para dicho fin. El tiempo de respuesta a incidentes deber\u00e1 ser inmediato.<\/p>\n<p>De igual forma entregara un listado del equipo ingresado para el servicio, este constar\u00e1 de los siguientes puntos:<\/p>\n<ul>\n<li>Descripci\u00f3n del equipo<\/li>\n<li>Serie<\/li>\n<li>Funcionalidad<\/li>\n<li>Observaciones del Instituto<\/li>\n<\/ul>\n<p>Al t\u00e9rmino del evento el proveedor entregar\u00e1 la liberaci\u00f3n del mismo, indicando los siguientes puntos:<\/p>\n<ul>\n<li>Cantidad de usuarios que utilizaron el servicio por d\u00eda.<\/li>\n<li>Nombre y disco de cada una de las grabaciones realizadas por d\u00eda.<\/li>\n<li>Cierre del servicio en el cual se informe incidentes, problemas y tiempos de respuesta generados.<\/li>\n<li>Equipos a retirar.<\/li>\n<\/ul>\n<p><strong>SEGUIMIENTO DE LOS SERVICIOS<\/strong><\/p>\n<p>El personal del Instituto podr\u00e1 monitorear en cualquier momento el servicio otorgado y en caso de detectar falla informar\u00e1 al proveedor (encargado del servicio en sitio), con el fin de que se solvente lo reportado en el menor tiempo posible.<\/p>\n<p><strong><br \/>\nCONFIDENCIALIDAD<\/strong><\/p>\n<p>Conforme al proceso <strong>\u2013ADMINISTRACI\u00d3N DE LA SEGURIDAD DE LA INFORMACI\u00d3N (ASI) <\/strong> del MAAGTICSI toda la informaci\u00f3n proporcionada por el INSTITUTO como son insumos de procesos, operaciones, informaci\u00f3n documental, pol\u00edticas, lineamientos, activos de TIC y dem\u00e1s informaci\u00f3n, ser\u00e1 considerada como confidencial por parte del <strong>PROVEEDOR <\/strong>y solamente ser\u00e1 utilizada para los fines del presente anexo t\u00e9cnico durante la vigencia del contrato, por lo que el <strong>PROVEEDOR<\/strong> no har\u00e1 ning\u00fan tipo de difusi\u00f3n, propaganda o entregar a un tercero dicha informaci\u00f3n a menos que el INSTITUTO autorice por escrito.<\/p>\n<p>El <strong>PROVEEDOR<\/strong> cuando ingrese herramientas y equipo de c\u00f3mputo propiedad del mismo para el desarrollo de sus actividades deber\u00e1 de informar al personal de vigilancia para el registro correspondiente con el objeto de establecer un control sobre estos bienes y cumplir con las pol\u00edticas de seguridad institucional.<\/p>\n<p><strong><\/p>\n<p><\/strong><\/p>\n","protected":false},"excerpt":{"rendered":"<p>StreaMexico est\u00e1 comprometido con las instituciones p\u00fablicas y privadas en t\u00e9rminos de transparencia, es por eso que ponemos a su disposici\u00f3n nuestro servicio de Transparencia Digital. El streaming se ha convertido en una herramienta fundamental para dar a conocer informes, negociaciones, decisiones. Sociedad, Iniciativa Privada&#8230;<\/p>\n","protected":false},"author":1,"featured_media":0,"parent":0,"menu_order":0,"comment_status":"closed","ping_status":"closed","template":"","meta":[],"_links":{"self":[{"href":"https:\/\/streamexico.com\/home\/wp-json\/wp\/v2\/pages\/1062"}],"collection":[{"href":"https:\/\/streamexico.com\/home\/wp-json\/wp\/v2\/pages"}],"about":[{"href":"https:\/\/streamexico.com\/home\/wp-json\/wp\/v2\/types\/page"}],"author":[{"embeddable":true,"href":"https:\/\/streamexico.com\/home\/wp-json\/wp\/v2\/users\/1"}],"replies":[{"embeddable":true,"href":"https:\/\/streamexico.com\/home\/wp-json\/wp\/v2\/comments?post=1062"}],"version-history":[{"count":1,"href":"https:\/\/streamexico.com\/home\/wp-json\/wp\/v2\/pages\/1062\/revisions"}],"predecessor-version":[{"id":1063,"href":"https:\/\/streamexico.com\/home\/wp-json\/wp\/v2\/pages\/1062\/revisions\/1063"}],"wp:attachment":[{"href":"https:\/\/streamexico.com\/home\/wp-json\/wp\/v2\/media?parent=1062"}],"curies":[{"name":"wp","href":"https:\/\/api.w.org\/{rel}","templated":true}]}}