{"id":11,"date":"2013-09-12T00:55:35","date_gmt":"2013-09-12T00:55:35","guid":{"rendered":"http:\/\/streamexico.com\/?page_id=11"},"modified":"2026-04-09T20:13:36","modified_gmt":"2026-04-09T20:13:36","slug":"productor","status":"publish","type":"page","link":"https:\/\/streamexico.com\/home\/productor\/","title":{"rendered":"NOSOTROS"},"content":{"rendered":"<p style=\"text-align: justify;\">Somos un grupo de profesionales expertos en nuevas tecnolog\u00edas y con el af\u00e1n de apoyar a tu marca desde nuestro \u00e1mbito.<\/p>\n<p style=\"text-align: justify;\">Creemos en la era digital y en la entrega de contenidos audiovisuales online. Durante 15 a\u00f1os nos hemos dedicado a entregar nuestro conocimiento en las \u00e1reas de comunicaci\u00f3n, mercadotecnia, publicidad, periodismo y medios de comunicaci\u00f3n electr\u00f3nicos.<\/p>\n<p>Estamos a sus \u00f3rdenes y listos para colaborar con su equipo. Ya contamos con oficinas en CDMX, Monterrey, Tijuana, M\u00e9rida, Aguascalientes, San Miguel de Allende y Houston TX.<\/p>\n<hr \/>\n<p><span style=\"color: #339966;\"><strong>Frank Estrada<\/strong><\/span><br \/>\n<strong>Fundador y CEO<\/strong><br \/>\nfrankestrada@streamexico.com<br \/>\n<a href=\"http:\/\/www.frankestrada.mx\" target=\"_blank\" rel=\"noopener\">www.frankestrada.mx<\/a><\/p>\n<p><a class=\"twitter-follow-button\" href=\"https:\/\/twitter.com\/frankstrada?ref_src=twsrc%5Etfw\" data-show-count=\"false\">Follow @frankstrada<\/a><script async src=\"https:\/\/platform.twitter.com\/widgets.js\" charset=\"utf-8\"><\/script><\/p>\n<hr \/>\n<p><span style=\"color: #339966;\"><strong>Carlos S\u00e1nchez<\/strong><\/span><br \/>\n<strong>Director de Proyectos<\/strong> (CDMX, Estado de M\u00e9xico, Puebla, Hidalgo, Tlaxcala, Veracruz, Quer\u00e9taro)<\/p>\n<p>csanchez@streamexico.com<\/p>\n<p>Tel: (55) 6350 8608<\/p>\n<hr \/>\n<p><span style=\"color: #339966;\"><strong>Amado Ram\u00edrez<\/strong><\/span><br \/>\n<strong>Director Comercial Norte<\/strong> (Nuevo Le\u00f3n, Zacatecas, Coahuila, Chihuahua, Durango, San Luis Potos\u00ed, Sonora, Baja California)<\/p>\n<p>aramirez@streamexico.com<\/p>\n<p>Tel: (844) 183 5238<\/p>\n<hr \/>\n<p><span style=\"color: #339966;\"><b>Fernanda P\u00e9rez<\/b><\/span><br \/>\n<strong>Director Comercial Sureste<\/strong> (Yucat\u00e1n, Quintana Roo, Tabasco, Oaxaca)<\/p>\n<p>ventas@streamexico.com<\/p>\n<p>Tel: (55) 4533 8541<\/p>\n<hr \/>\n<p><span style=\"color: #339966;\"><strong>Jes\u00fas Vega<\/strong><\/span><br \/>\n<b>Productor General<\/b><\/p>\n<hr \/>\n<p><span style=\"color: #339966;\"><strong>Esmeralda Esteban<\/strong><\/span><br \/>\n<b>Productora General<\/b><\/p>\n<hr \/>\n<p><span style=\"color: #339966;\"><strong>Mauricio Mart\u00ednez<\/strong><\/span><br \/>\n<b>Director Creativo<\/b><\/p>\n<hr \/>\n<p><span style=\"color: #339966;\"><strong>Fernanda P\u00e9rez<\/strong><\/span><br \/>\n<strong>Ventas &amp; Marketing<\/strong><\/p>\n<hr \/>\n<p><span style=\"color: #339966;\"><strong>Ariadna Carranza<\/strong><\/span><br \/>\n<strong>Social Media Manager<\/strong><\/p>\n<hr \/>\n<p><span style=\"color: #339966;\"><strong>Caty Vald\u00e9s &#8211; Antonio Quintanilla<\/strong><\/span><br \/>\n<strong>Desarrollador y soporte<\/strong><\/p>\n<hr \/>\n<p>Estamos para servirle, charlemos\u00a0sobre su proyecto.<\/p>\n<p><span style=\"color: #339966;\"><strong>Email: ventas@streamexico.com<\/strong><\/span><\/p>\n<p><span style=\"color: #339966;\"><strong>Oficina CDMX: (55) 6350 8608<\/strong><\/span><\/p>\n<p><span style=\"color: #339966;\"><strong>M\u00f3vil &amp; Whatsapp: (55) 1805 7120<\/strong><\/span><\/p>\n<p><span style=\"color: #339966;\"><strong>Blvd. Adolfo L\u00f3pez Mateos 2001, Col. Los Alpes.<br \/>\nDel. \u00c1lvaro Obreg\u00f3n, Ciudad de M\u00e9xico.<\/strong><\/span><\/p>\n<p><span style=\"color: #339966;\"><strong>Twitter:\u00a0<a style=\"color: #339966;\" href=\"http:\/\/www.twitter.com\/stream_mexico\" target=\"_blank\" rel=\"noopener\">@Stream_Mexico<\/a><\/strong><\/span><\/p>\n<p><span style=\"color: #339966;\"><strong>Facebook:\u00a0<a style=\"color: #339966;\" href=\"http:\/\/www.facebook.com\/streamexico\" target=\"_blank\" rel=\"noopener\">StreaMexico<\/a><\/strong><\/span><\/p>\n","protected":false},"excerpt":{"rendered":"<p>Somos un grupo de profesionales expertos en nuevas tecnolog\u00edas y con el af\u00e1n de apoyar a tu marca desde nuestro \u00e1mbito. Creemos en la era digital y en la entrega de contenidos audiovisuales online. Durante 15 a\u00f1os nos hemos dedicado a entregar nuestro conocimiento en&#8230;<\/p>\n","protected":false},"author":1,"featured_media":0,"parent":0,"menu_order":0,"comment_status":"closed","ping_status":"closed","template":"","meta":[],"_links":{"self":[{"href":"https:\/\/streamexico.com\/home\/wp-json\/wp\/v2\/pages\/11"}],"collection":[{"href":"https:\/\/streamexico.com\/home\/wp-json\/wp\/v2\/pages"}],"about":[{"href":"https:\/\/streamexico.com\/home\/wp-json\/wp\/v2\/types\/page"}],"author":[{"embeddable":true,"href":"https:\/\/streamexico.com\/home\/wp-json\/wp\/v2\/users\/1"}],"replies":[{"embeddable":true,"href":"https:\/\/streamexico.com\/home\/wp-json\/wp\/v2\/comments?post=11"}],"version-history":[{"count":70,"href":"https:\/\/streamexico.com\/home\/wp-json\/wp\/v2\/pages\/11\/revisions"}],"predecessor-version":[{"id":9720,"href":"https:\/\/streamexico.com\/home\/wp-json\/wp\/v2\/pages\/11\/revisions\/9720"}],"wp:attachment":[{"href":"https:\/\/streamexico.com\/home\/wp-json\/wp\/v2\/media?parent=11"}],"curies":[{"name":"wp","href":"https:\/\/api.w.org\/{rel}","templated":true}]}}