{"id":1733,"date":"2016-03-12T01:49:56","date_gmt":"2016-03-12T01:49:56","guid":{"rendered":"http:\/\/streamexico.com\/?page_id=1733"},"modified":"2022-08-23T13:50:35","modified_gmt":"2022-08-23T13:50:35","slug":"streaming-en-monterrey","status":"publish","type":"page","link":"https:\/\/streamexico.com\/home\/streaming-en-monterrey\/","title":{"rendered":"STREAMING EN MONTERREY"},"content":{"rendered":"<p><span style=\"color: #339966;\">2015 &#8211; StreaMexico abre sus oficinas en el norte de M\u00e9xico.<\/span><\/p>\n<p style=\"text-align: justify;\">Monterrey es una ciudad donde la energ\u00eda y la industria generan actividad diaria. La sultana del norte se ha distinguido por ser un lugar donde las empresas nacen, se desarrollan y son punta de lanza en Latinoam\u00e9rica. Por eso, StreaMexico ha llegado con su tecnolog\u00eda para que los eventos o capacitaciones tengan mayor impacto o puedan generar negocio utilizando las nuevas tecnolog\u00edas.<\/p>\n<p style=\"text-align: justify;\"><span style=\"color: #339966;\"><strong>\u00bfD\u00f3nde puedes usar el streaming?<\/strong><\/span><\/p>\n<p style=\"text-align: justify;\">Town Hall: Somos expertos en comunicar internamente a los colaboradores. Hemos realizado\u00a0reuniones virtuales para empresas y organizaciones como: Gold Corp, Zurich, Old Mutual, Grupo Christus Muguerza entre otros.<\/p>\n<p style=\"text-align: justify;\">Educaci\u00f3n: Las Universidades ahora tienen un aliado para que sus Congresos, Simposium, Foros puedan ser transmitidos v\u00eda internet en alta calidad.<\/p>\n<p style=\"text-align: justify;\">Turismo: El turismo de negocios es parte fundamental de la econom\u00eda en Monterrey, mediante el streaming pueden conectarse mas personas a los eventos que se realicen y promover la ciudad como destino para negocios.<\/p>\n<p style=\"text-align: justify;\">Industria M\u00e9dica: Con el streaming, los hospitales y escuelas pueden generar m\u00e9todos de capacitaci\u00f3n cont\u00ednua, que las producciones lleguen a mas personas relacionadas con la salud.<\/p>\n<p style=\"text-align: justify;\">A continuaci\u00f3n les compartimos algunas experiencias que hemos realizado en Monterrey.<\/p>\n<ul>\n<li style=\"text-align: justify;\">&#8211; <a href=\"http:\/\/streamexico.com\/?p=2177\" target=\"_blank\" rel=\"noopener\">FEMSA \/ OXXO GAS<\/a><\/li>\n<li style=\"text-align: justify;\">&#8211; <a href=\"http:\/\/streamexico.com\/?p=2036\" target=\"_blank\" rel=\"noopener\">Universidad de Monterrey UDEM<\/a><\/li>\n<li style=\"text-align: justify;\">&#8211;\u00a0<a href=\"http:\/\/streamexico.com\/?p=1054\">Congreso Nacional de Mastolog\u00eda<\/a><\/li>\n<li style=\"text-align: justify;\">&#8211;\u00a0<a href=\"http:\/\/streamexico.com\/?p=1172\">Oracle Transformation Day<\/a><\/li>\n<li style=\"text-align: justify;\">&#8211;\u00a0<a href=\"http:\/\/streamexico.com\/?p=1342\">Curso de Liderazgo del Grupo Christus Muguerza<\/a><\/li>\n<li style=\"text-align: justify;\">&#8211;\u00a0<a href=\"http:\/\/streamexico.com\/?p=764\">COEALAC desde el Tec de Monterrey<\/a><\/li>\n<li style=\"text-align: justify;\">&#8211;\u00a0<a href=\"http:\/\/streamexico.com\/?p=378\">John Maxwel en Monterrey<\/a><\/li>\n<li style=\"text-align: justify;\">&#8211;\u00a0<a href=\"http:\/\/streamexico.com\/?p=1275\">Escuela Superior de Aeron\u00e1utica en Monterrey<\/a><\/li>\n<li style=\"text-align: justify;\"><\/li>\n<\/ul>\n<p>Si deseas mas informaci\u00f3n de nuestro servicio comun\u00edcate con Amado Ram\u00edrez al correo <span style=\"color: #339966;\">amadormzb@streamexico.com<\/span><\/p>\n<p><a href=\"http:\/\/streamexico.com\/wp-content\/uploads\/2016\/03\/mty.jpg\"><img loading=\"lazy\" class=\"aligncenter size-full wp-image-1734\" src=\"http:\/\/streamexico.com\/wp-content\/uploads\/2016\/03\/mty.jpg\" alt=\"mty\" width=\"1024\" height=\"768\" srcset=\"https:\/\/streamexico.com\/home\/wp-content\/uploads\/2016\/03\/mty.jpg 1024w, https:\/\/streamexico.com\/home\/wp-content\/uploads\/2016\/03\/mty-300x225.jpg 300w\" sizes=\"(max-width: 1024px) 100vw, 1024px\" \/><\/a><\/p>\n","protected":false},"excerpt":{"rendered":"<p>2015 &#8211; StreaMexico abre sus oficinas en el norte de M\u00e9xico. Monterrey es una ciudad donde la energ\u00eda y la industria generan actividad diaria. La sultana del norte se ha distinguido por ser un lugar donde las empresas nacen, se desarrollan y son punta de&#8230;<\/p>\n","protected":false},"author":1,"featured_media":0,"parent":0,"menu_order":0,"comment_status":"closed","ping_status":"closed","template":"","meta":[],"_links":{"self":[{"href":"https:\/\/streamexico.com\/home\/wp-json\/wp\/v2\/pages\/1733"}],"collection":[{"href":"https:\/\/streamexico.com\/home\/wp-json\/wp\/v2\/pages"}],"about":[{"href":"https:\/\/streamexico.com\/home\/wp-json\/wp\/v2\/types\/page"}],"author":[{"embeddable":true,"href":"https:\/\/streamexico.com\/home\/wp-json\/wp\/v2\/users\/1"}],"replies":[{"embeddable":true,"href":"https:\/\/streamexico.com\/home\/wp-json\/wp\/v2\/comments?post=1733"}],"version-history":[{"count":13,"href":"https:\/\/streamexico.com\/home\/wp-json\/wp\/v2\/pages\/1733\/revisions"}],"predecessor-version":[{"id":2191,"href":"https:\/\/streamexico.com\/home\/wp-json\/wp\/v2\/pages\/1733\/revisions\/2191"}],"wp:attachment":[{"href":"https:\/\/streamexico.com\/home\/wp-json\/wp\/v2\/media?parent=1733"}],"curies":[{"name":"wp","href":"https:\/\/api.w.org\/{rel}","templated":true}]}}