{"id":1742,"date":"2016-03-12T02:00:22","date_gmt":"2016-03-12T02:00:22","guid":{"rendered":"http:\/\/streamexico.com\/?page_id=1742"},"modified":"2022-08-23T13:43:51","modified_gmt":"2022-08-23T13:43:51","slug":"streaming-en-cancun","status":"publish","type":"page","link":"https:\/\/streamexico.com\/home\/streaming-en-cancun\/","title":{"rendered":"STREAMING EN CANC\u00daN"},"content":{"rendered":"<p>La Riviera Maya se ha convertido en pilar de la industria tur\u00edstica en M\u00e9xico, destinos como Canc\u00fan, Playa del Carmen, Tulum se caracterizan por ofrecer un sinf\u00edn de opciones a los turistas.<\/p>\n<p><strong>StreaMexico<\/strong> llega a Canc\u00fan a ofrecer los servicios de streaming para eventos de talla nacional e internacional. Estos son los segmentos que pueden utilizar el streaming y conectar con sus audiencias.<\/p>\n<p><strong>Turismo de Negocios y Congresos:<\/strong><\/p>\n<p>Las empresas, corporativos y marcas realizan sus reuniones en \u00e1reas donde sus integrantes puedan convivir y trabajar por metas en com\u00fan. Ahora, con\u00a0StreaMexico en Canc\u00fan, pueden compartir las reuniones con el resto de sus integrantes en otras ciudades por medio del video streaming en vivo.<\/p>\n<p><strong>Turismo de Romance:<\/strong><\/p>\n<p>El segmento de bodas es fundamental para la econom\u00eda de la Riviera Maya, miles de celebraciones se realizan en el majestuoso escenario de la playa, el sol y la tranquilidad. El streaming en Canc\u00fan ahora nos permite transmitir tu boda en vivo para tus seres queridos que no pudieron asistir a tu evento. La posibilidad de hacerlos part\u00edcipe de tu enlace mediante una transmisi\u00f3n de video es un concepto que pronto estar\u00e1 de moda.<\/p>\n<p><strong>Cultura y entretenimiento:<\/strong><\/p>\n<p>Conciertos y fiestas ahora pueden ser vistas desde cualquier parte del \u00a0mundo y con el streaming en Canc\u00fan esto ya es posible. StreaMexico cuenta con el equipo t\u00e9cnico y tecnol\u00f3gico para que tus eventos sean disfrutados hasta el rinc\u00f3n mas rec\u00f3ndito del planeta.<\/p>\n<p>Nuestra empresa sigue en crecimiento y ahora estamos con streaming en Canc\u00fan, streaming en Playa del Carmen, streaming en Tulum, streaming en M\u00e9rida, streaming en Villahermosa, streaming en Oaxaca, y todo el sureste mexicano.<\/p>\n<p>Si deseas mas informaci\u00f3n comun\u00edcate con nuestra filial a cargo de Fernanda P\u00e9rez,\u00a0 env\u00eda un email a <strong><span style=\"color: #339966;\">ventas@streamexico.com<\/span><\/strong> y te asesorar\u00e1 con tu evento. StreaMexico, Conectando Audiencias.<\/p>\n<p><a href=\"http:\/\/streamexico.com\/wp-content\/uploads\/2016\/01\/12417710_1145469915492824_6565570443112788809_n.jpg\"><img loading=\"lazy\" class=\"aligncenter size-full wp-image-1550\" src=\"http:\/\/streamexico.com\/wp-content\/uploads\/2016\/01\/12417710_1145469915492824_6565570443112788809_n.jpg\" alt=\"12417710_1145469915492824_6565570443112788809_n\" width=\"608\" height=\"960\" srcset=\"https:\/\/streamexico.com\/home\/wp-content\/uploads\/2016\/01\/12417710_1145469915492824_6565570443112788809_n.jpg 608w, https:\/\/streamexico.com\/home\/wp-content\/uploads\/2016\/01\/12417710_1145469915492824_6565570443112788809_n-190x300.jpg 190w\" sizes=\"(max-width: 608px) 100vw, 608px\" \/><\/a><\/p>\n","protected":false},"excerpt":{"rendered":"<p>La Riviera Maya se ha convertido en pilar de la industria tur\u00edstica en M\u00e9xico, destinos como Canc\u00fan, Playa del Carmen, Tulum se caracterizan por ofrecer un sinf\u00edn de opciones a los turistas. StreaMexico llega a Canc\u00fan a ofrecer los servicios de streaming para eventos de&#8230;<\/p>\n","protected":false},"author":1,"featured_media":1550,"parent":0,"menu_order":0,"comment_status":"closed","ping_status":"closed","template":"","meta":[],"_links":{"self":[{"href":"https:\/\/streamexico.com\/home\/wp-json\/wp\/v2\/pages\/1742"}],"collection":[{"href":"https:\/\/streamexico.com\/home\/wp-json\/wp\/v2\/pages"}],"about":[{"href":"https:\/\/streamexico.com\/home\/wp-json\/wp\/v2\/types\/page"}],"author":[{"embeddable":true,"href":"https:\/\/streamexico.com\/home\/wp-json\/wp\/v2\/users\/1"}],"replies":[{"embeddable":true,"href":"https:\/\/streamexico.com\/home\/wp-json\/wp\/v2\/comments?post=1742"}],"version-history":[{"count":7,"href":"https:\/\/streamexico.com\/home\/wp-json\/wp\/v2\/pages\/1742\/revisions"}],"predecessor-version":[{"id":9617,"href":"https:\/\/streamexico.com\/home\/wp-json\/wp\/v2\/pages\/1742\/revisions\/9617"}],"wp:featuredmedia":[{"embeddable":true,"href":"https:\/\/streamexico.com\/home\/wp-json\/wp\/v2\/media\/1550"}],"wp:attachment":[{"href":"https:\/\/streamexico.com\/home\/wp-json\/wp\/v2\/media?parent=1742"}],"curies":[{"name":"wp","href":"https:\/\/api.w.org\/{rel}","templated":true}]}}