{"id":2150,"date":"2016-07-04T19:03:07","date_gmt":"2016-07-04T19:03:07","guid":{"rendered":"http:\/\/streamexico.com\/?page_id=2150"},"modified":"2026-04-09T20:10:34","modified_gmt":"2026-04-09T20:10:34","slug":"facebook-live-en-hd","status":"publish","type":"page","link":"https:\/\/streamexico.com\/home\/facebook-live-en-hd\/","title":{"rendered":"STREAMING A REDES SOCIALES"},"content":{"rendered":"<p>El streaming ya es una herramienta necesaria para la difusi\u00f3n de contenidos, todas las plataformas como Facebook, Youtube, Twitter, TikTok, Instagram y Linkedin ya integraron este servicio y nuestra empresa como l\u00edderes de la industria, pone a tu disposici\u00f3n la plataforma para transmitir EN VIVO por redes sociales simult\u00e1neamente.<\/p>\n<p>Por medio de nuestro sistema podr\u00e1s insertar switch de c\u00e1maras, audio en alta calidad, videos, diapositivas, plecas, s\u00fapers, gr\u00e1ficos, todo en alta definici\u00f3n.<\/p>\n<p>Env\u00eda un correo a ventas@streamexico.com para platicar sobre tu proyecto.<\/p>\n<p>Estamos seguros que bajo nuestra asesor\u00eda lograr\u00e1s los mejores resultados.<\/p>\n<p style=\"text-align: center;\">\n","protected":false},"excerpt":{"rendered":"<p>El streaming ya es una herramienta necesaria para la difusi\u00f3n de contenidos, todas las plataformas como Facebook, Youtube, Twitter, TikTok, Instagram y Linkedin ya integraron este servicio y nuestra empresa como l\u00edderes de la industria, pone a tu disposici\u00f3n la plataforma para transmitir EN VIVO&#8230;<\/p>\n","protected":false},"author":1,"featured_media":2155,"parent":0,"menu_order":0,"comment_status":"closed","ping_status":"closed","template":"","meta":[],"_links":{"self":[{"href":"https:\/\/streamexico.com\/home\/wp-json\/wp\/v2\/pages\/2150"}],"collection":[{"href":"https:\/\/streamexico.com\/home\/wp-json\/wp\/v2\/pages"}],"about":[{"href":"https:\/\/streamexico.com\/home\/wp-json\/wp\/v2\/types\/page"}],"author":[{"embeddable":true,"href":"https:\/\/streamexico.com\/home\/wp-json\/wp\/v2\/users\/1"}],"replies":[{"embeddable":true,"href":"https:\/\/streamexico.com\/home\/wp-json\/wp\/v2\/comments?post=2150"}],"version-history":[{"count":17,"href":"https:\/\/streamexico.com\/home\/wp-json\/wp\/v2\/pages\/2150\/revisions"}],"predecessor-version":[{"id":9719,"href":"https:\/\/streamexico.com\/home\/wp-json\/wp\/v2\/pages\/2150\/revisions\/9719"}],"wp:featuredmedia":[{"embeddable":true,"href":"https:\/\/streamexico.com\/home\/wp-json\/wp\/v2\/media\/2155"}],"wp:attachment":[{"href":"https:\/\/streamexico.com\/home\/wp-json\/wp\/v2\/media?parent=2150"}],"curies":[{"name":"wp","href":"https:\/\/api.w.org\/{rel}","templated":true}]}}