{"id":3376,"date":"2018-01-17T18:28:23","date_gmt":"2018-01-17T18:28:23","guid":{"rendered":"http:\/\/streamexico.com\/?page_id=3376"},"modified":"2023-01-25T04:49:47","modified_gmt":"2023-01-25T04:49:47","slug":"videomemorias","status":"publish","type":"page","link":"https:\/\/streamexico.com\/home\/videomemorias\/","title":{"rendered":"VIDEOMEMORIAS"},"content":{"rendered":"<p>En el 2016 incursionamos en la producci\u00f3n de video-memorias para diferentes marcas, realizamos todo el proceso, desde grabaci\u00f3n, edici\u00f3n y post producci\u00f3n.<\/p>\n<p>A continuaci\u00f3n te mostramos algunos de nuestras producciones.<\/p>\n<p>&nbsp;<\/p>\n<h2 style=\"text-align: center;\"><span style=\"color: #47ba7f;\"><strong>ATRYS M\u00c9XICO<\/strong><\/span><\/h2>\n<p style=\"text-align: center;\"><iframe title=\"YouTube video player\" src=\"https:\/\/www.youtube.com\/embed\/Zu91zz9_saE\" width=\"560\" height=\"315\" frameborder=\"0\" allowfullscreen=\"allowfullscreen\"><\/iframe><\/p>\n<hr \/>\n<h2 style=\"text-align: center;\"><span style=\"color: #47ba7f;\"><strong>SUNTORY &#8211; 50 ANIVERSARIO<\/strong><\/span><\/h2>\n<p style=\"text-align: center;\"><iframe title=\"YouTube video player\" src=\"https:\/\/www.youtube.com\/embed\/TjXifcdZENs\" width=\"560\" height=\"315\" frameborder=\"0\" allowfullscreen=\"allowfullscreen\"><\/iframe><\/p>\n<p>&nbsp;<\/p>\n<hr \/>\n<h2 style=\"text-align: center;\"><span style=\"color: #47ba7f;\"><strong>IMPULSANDO SUE\u00d1OS FORD &#8211; FONDO UNIDO<\/strong><\/span><\/h2>\n<p style=\"text-align: center;\"><iframe src=\"https:\/\/www.youtube.com\/embed\/lSuGEjxeMwE\" width=\"560\" height=\"315\" frameborder=\"0\" allowfullscreen=\"allowfullscreen\"><\/iframe><\/p>\n<hr \/>\n<h2 style=\"text-align: center;\"><span style=\"color: #47ba7f;\"><strong>PRESENTACI\u00d3N FORD LOBO 2018<\/strong><\/span><\/h2>\n<p style=\"text-align: center;\"><iframe src=\"https:\/\/www.youtube.com\/embed\/nN_gx9l1jho\" width=\"560\" height=\"315\" frameborder=\"0\" allowfullscreen=\"allowfullscreen\"><\/iframe><\/p>\n<hr \/>\n<h2 style=\"text-align: center;\"><span style=\"color: #47ba7f;\"><strong>PRESENTACI\u00d3N FORD LINCOLN 2018<\/strong><\/span><\/h2>\n<p style=\"text-align: center;\"><iframe src=\"https:\/\/www.youtube.com\/embed\/yFjDg_V8k6E\" width=\"560\" height=\"315\" frameborder=\"0\" allowfullscreen=\"allowfullscreen\"><\/iframe><\/p>\n<hr \/>\n<h2 style=\"text-align: center;\"><span style=\"color: #47ba7f;\"><strong>CONGRESO INTERNACIONAL PHOLARIS 2017<\/strong><\/span><\/h2>\n<p style=\"text-align: center;\"><iframe src=\"https:\/\/www.youtube.com\/embed\/38KlM1CVHHI\" width=\"560\" height=\"315\" frameborder=\"0\" allowfullscreen=\"allowfullscreen\"><\/iframe><\/p>\n<hr \/>\n<h2 style=\"text-align: center;\"><span style=\"color: #47ba7f;\"><strong>21st GLOBAL CONTACT FORUM 2017<\/strong><\/span><\/h2>\n<p style=\"text-align: center;\"><iframe src=\"https:\/\/www.youtube.com\/embed\/8O40mNCKk3Q\" width=\"560\" height=\"315\" frameborder=\"0\" allowfullscreen=\"allowfullscreen\"><\/iframe><\/p>\n<hr \/>\n<h2 style=\"text-align: center;\"><span style=\"color: #47ba7f;\"><strong>MENSAJE DE A\u00d1O NUEVO 2017<\/strong><\/span><\/h2>\n<p style=\"text-align: center;\"><iframe src=\"https:\/\/www.youtube.com\/embed\/uivJu7MvF4I\" width=\"560\" height=\"315\" frameborder=\"0\" allowfullscreen=\"allowfullscreen\" data-mce-fragment=\"1\"><\/iframe><\/p>\n<hr \/>\n<h2 style=\"text-align: center;\"><span style=\"color: #47ba7f;\"><strong>EXPO GAS 2016<\/strong><\/span><\/h2>\n<h2 style=\"text-align: center;\"><iframe src=\"https:\/\/www.youtube.com\/embed\/GbNjBBoZfBw\" width=\"560\" height=\"315\" frameborder=\"0\" allowfullscreen=\"allowfullscreen\"><\/iframe><\/h2>\n<hr \/>\n<h2 style=\"text-align: center;\"><span style=\"color: #47ba7f;\"><strong>20th GLOBAL CONTACT FORUM 2016<\/strong><\/span><\/h2>\n<p style=\"text-align: center;\"><iframe src=\"https:\/\/www.youtube.com\/embed\/qIY9snR86Hc\" width=\"560\" height=\"315\" frameborder=\"0\" allowfullscreen=\"allowfullscreen\"><\/iframe><\/p>\n<hr \/>\n<h2 style=\"text-align: center;\"><span style=\"color: #47ba7f;\"><strong>INNOVATE &amp; EDUCATE 2016 \u00a0<\/strong><\/span><\/h2>\n<h2 style=\"text-align: center;\"><span style=\"color: #47ba7f;\"><strong>BLACKBOARD INTL<\/strong><\/span><\/h2>\n<p style=\"text-align: center;\"><iframe src=\"https:\/\/www.youtube.com\/embed\/yx53HK2vNeY\" width=\"560\" height=\"315\" frameborder=\"0\" allowfullscreen=\"allowfullscreen\" data-mce-fragment=\"1\"><\/iframe><\/p>\n<hr \/>\n<h2 style=\"text-align: center;\"><span style=\"color: #47ba7f;\"><strong>CONGRESO NACIONAL DE MASTOLOG\u00cdA<\/strong><\/span><\/h2>\n<p style=\"text-align: center;\"><iframe src=\"https:\/\/www.youtube.com\/embed\/cmz9_O2n90s\" width=\"560\" height=\"315\" frameborder=\"0\" allowfullscreen=\"allowfullscreen\" data-mce-fragment=\"1\"><\/iframe><\/p>\n<hr \/>\n<h2 style=\"text-align: center;\"><span style=\"color: #47ba7f;\"><strong>FORO DE MUJERES PODEROSAS FORBES 2015<\/strong><\/span><\/h2>\n<p style=\"text-align: center;\"><iframe src=\"https:\/\/www.youtube.com\/embed\/lNJ67jIdd9w\" width=\"560\" height=\"315\" frameborder=\"0\" allowfullscreen=\"allowfullscreen\" data-mce-fragment=\"1\"><\/iframe><\/p>\n<hr \/>\n<h2 style=\"text-align: center;\"><span style=\"color: #47ba7f;\"><strong>D\u00cdA MUNDIAL DE LA EPILEPSIA #CDMX\u00a0<\/strong><\/span><\/h2>\n<p style=\"text-align: center;\"><iframe src=\"https:\/\/www.youtube.com\/embed\/vfU4Yr9HukU\" width=\"560\" height=\"315\" frameborder=\"0\" allowfullscreen=\"allowfullscreen\" data-mce-fragment=\"1\"><\/iframe><\/p>\n<hr \/>\n<h2 style=\"text-align: center;\"><span style=\"color: #47ba7f;\"><strong>RESUMEN DE EVENTOS 2014<\/strong><\/span><\/h2>\n<p style=\"text-align: center;\"><iframe src=\"https:\/\/www.youtube.com\/embed\/hluDgVFcJl8\" width=\"560\" height=\"315\" frameborder=\"0\" allowfullscreen=\"allowfullscreen\" data-mce-fragment=\"1\"><\/iframe><\/p>\n<hr \/>\n<h2 style=\"text-align: center;\"><span style=\"color: #47ba7f;\"><strong>TOWN HALL DE GOLD CORP<\/strong><\/span><\/h2>\n<p style=\"text-align: center;\"><iframe src=\"https:\/\/www.youtube.com\/embed\/nMbE1HFJi_Q\" width=\"560\" height=\"315\" frameborder=\"0\" allowfullscreen=\"allowfullscreen\" data-mce-fragment=\"1\"><\/iframe><\/p>\n<hr \/>\n<h2 style=\"text-align: center;\"><span style=\"color: #47ba7f;\"><strong>CONSEJO MUNDIAL INTERNACIONAL SOCIALISTA\u00a0<\/strong><\/span><\/h2>\n<p style=\"text-align: center;\"><iframe src=\"https:\/\/www.youtube.com\/embed\/z5hmXD4F5wo\" width=\"560\" height=\"315\" frameborder=\"0\" allowfullscreen=\"allowfullscreen\" data-mce-fragment=\"1\"><\/iframe><\/p>\n<hr \/>\n<h2 style=\"text-align: center;\"><span style=\"color: #47ba7f;\"><strong>XIX FORO DE MINISTROS DEL MEDIO AMBIENTE<\/strong><\/span><\/h2>\n<p style=\"text-align: center;\"><iframe src=\"https:\/\/www.youtube.com\/embed\/btYkcYU1ZZw\" width=\"560\" height=\"315\" frameborder=\"0\" allowfullscreen=\"allowfullscreen\" data-mce-fragment=\"1\"><\/iframe><\/p>\n<hr \/>\n<h2 style=\"text-align: center;\"><span style=\"color: #47ba7f;\"><strong>EXPO EDUCACI\u00d3N FINANCIERA<\/strong><\/span><\/h2>\n<p style=\"text-align: center;\"><iframe src=\"https:\/\/www.youtube.com\/embed\/2DA0bLQEWd4\" width=\"560\" height=\"315\" frameborder=\"0\" allowfullscreen=\"allowfullscreen\"><\/iframe><\/p>\n<hr \/>\n<h2 style=\"text-align: center;\"><span style=\"color: #47ba7f;\">TAI 2014<\/span><\/h2>\n<p style=\"text-align: center;\"><iframe src=\"https:\/\/www.youtube.com\/embed\/-MTJw8_urIU\" width=\"560\" height=\"315\" frameborder=\"0\" allowfullscreen=\"allowfullscreen\"><\/iframe><\/p>\n<p style=\"text-align: center;\">Contamos con equipo de transmisi\u00f3n y grabaci\u00f3n en alta definici\u00f3n, podemos producir toda la identidad de tu empresa, instituci\u00f3n, evento.<\/p>\n<p>No dudes en contactar con nosotros, estamos listos para apoyarte en cualquier parte del mundo. StreaMexico.com<\/p>\n<p><span style=\"color: #339966;\"><strong>Email: ventas@streamexico.com<\/strong><\/span><\/p>\n<p><span style=\"color: #339966;\"><strong>Oficina DF: (55) 6350 8608<\/strong><\/span><\/p>\n<p><span style=\"color: #339966;\"><strong>Oficina Monterrey: (81)\u00a01552 4728<\/strong><\/span><\/p>\n<p><span style=\"color: #339966;\"><strong>Oficina Gdl y Bajio: (33) 2538 3170<\/strong><\/span><\/p>\n<p><span style=\"color: #339966;\"><strong>M\u00f3vil &amp; Whatsapp: (33) 2538 3170<\/strong><\/span><\/p>\n<p><span style=\"color: #339966;\"><strong>Blvd. Adolfo L\u00f3pez Mateos 2001, Col. Los Alpes.<br \/>\nDel. \u00c1lvaro Obreg\u00f3n, Ciudad de M\u00e9xico.<\/strong><\/span><\/p>\n<p><span style=\"color: #339966;\"><strong>Twitter:\u00a0<a style=\"color: #339966;\" href=\"http:\/\/www.twitter.com\/stream_mexico\" target=\"_blank\" rel=\"noopener\">@Stream_Mexico<\/a><\/strong><\/span><\/p>\n<p><span style=\"color: #339966;\"><strong>Facebook:\u00a0<a style=\"color: #339966;\" href=\"http:\/\/www.facebook.com\/streamexico\" target=\"_blank\" rel=\"noopener\">StreaMexico<\/a><\/strong><\/span><\/p>\n<p>&nbsp;<\/p>\n<p>&nbsp;<\/p>\n","protected":false},"excerpt":{"rendered":"<p>En el 2016 incursionamos en la producci\u00f3n de video-memorias para diferentes marcas, realizamos todo el proceso, desde grabaci\u00f3n, edici\u00f3n y post producci\u00f3n. A continuaci\u00f3n te mostramos algunos de nuestras producciones. &nbsp; ATRYS M\u00c9XICO SUNTORY &#8211; 50 ANIVERSARIO &nbsp; IMPULSANDO SUE\u00d1OS FORD &#8211; FONDO UNIDO PRESENTACI\u00d3N&#8230;<\/p>\n","protected":false},"author":1,"featured_media":0,"parent":0,"menu_order":0,"comment_status":"closed","ping_status":"closed","template":"","meta":[],"_links":{"self":[{"href":"https:\/\/streamexico.com\/home\/wp-json\/wp\/v2\/pages\/3376"}],"collection":[{"href":"https:\/\/streamexico.com\/home\/wp-json\/wp\/v2\/pages"}],"about":[{"href":"https:\/\/streamexico.com\/home\/wp-json\/wp\/v2\/types\/page"}],"author":[{"embeddable":true,"href":"https:\/\/streamexico.com\/home\/wp-json\/wp\/v2\/users\/1"}],"replies":[{"embeddable":true,"href":"https:\/\/streamexico.com\/home\/wp-json\/wp\/v2\/comments?post=3376"}],"version-history":[{"count":12,"href":"https:\/\/streamexico.com\/home\/wp-json\/wp\/v2\/pages\/3376\/revisions"}],"predecessor-version":[{"id":9661,"href":"https:\/\/streamexico.com\/home\/wp-json\/wp\/v2\/pages\/3376\/revisions\/9661"}],"wp:attachment":[{"href":"https:\/\/streamexico.com\/home\/wp-json\/wp\/v2\/media?parent=3376"}],"curies":[{"name":"wp","href":"https:\/\/api.w.org\/{rel}","templated":true}]}}