{"id":3397,"date":"2018-01-17T23:34:24","date_gmt":"2018-01-17T23:34:24","guid":{"rendered":"http:\/\/streamexico.com\/?page_id=3397"},"modified":"2022-08-23T13:47:36","modified_gmt":"2022-08-23T13:47:36","slug":"streaming-en-mexico","status":"publish","type":"page","link":"https:\/\/streamexico.com\/home\/streaming-en-mexico\/","title":{"rendered":"STREAMING EN M\u00c9XICO"},"content":{"rendered":"<p><strong>StreaMexico<\/strong> nace en enero del 2010, con 12 a\u00f1os de experiencia nos hemos consolidad como la empresa l\u00edder de sistemas #streaming en M\u00e9xico.<\/p>\n<p>Nuestro Corporativo se ubica en la Ciudad de M\u00e9xico, desde donde se opera la tecnolog\u00eda, log\u00edstica t\u00e9cnica y humana hacia todo el mundo.<\/p>\n<p>Durante 12 a\u00f1os, hemos visitado los 32 estados de la Rep\u00fablica Mexicana y 4 pa\u00edses como USA, Colombia, Brasil y Espa\u00f1a.<\/p>\n<p>Nuestros clientes han disfrutado la experiencia de transmitir sus eventos en vivo y a demanda logrando conectar con sus audiencias y amplifican sus contenidos.<\/p>\n<p>Marcas comerciales, educativas, pol\u00edticas, de salud, turismo, deportivas con eventos p\u00fablicos y privados han distribuido sus contenidos con <strong>StreaMexico<\/strong>.<\/p>\n<p>Es momento de que generes tu propio medio v\u00eda internet, hazlo con <strong>StreaMexico<\/strong>.<\/p>\n<p>Estamos para servirle, charlemos\u00a0sobre su proyecto.<\/p>\n<p><span style=\"color: #339966;\"><strong>Email: ventas@streamexico.com<\/strong><\/span><\/p>\n<p><span style=\"color: #339966;\"><strong>Twitter:\u00a0<a style=\"color: #339966;\" href=\"http:\/\/www.twitter.com\/stream_mexico\" target=\"_blank\" rel=\"noopener\">@Stream_Mexico<\/a><\/strong><\/span><\/p>\n<p><strong>Facebook:\u00a0<a href=\"http:\/\/www.facebook.com\/streamexico\" target=\"_blank\" rel=\"noopener\">StreaMexico<\/a><\/strong><\/p>\n<p><img loading=\"lazy\" class=\"aligncenter size-full wp-image-3367\" src=\"http:\/\/streamexico.com\/wp-content\/uploads\/2018\/01\/articulo-frank.jpg\" alt=\"\" width=\"862\" height=\"2925\" srcset=\"https:\/\/streamexico.com\/home\/wp-content\/uploads\/2018\/01\/articulo-frank.jpg 862w, https:\/\/streamexico.com\/home\/wp-content\/uploads\/2018\/01\/articulo-frank-88x300.jpg 88w, https:\/\/streamexico.com\/home\/wp-content\/uploads\/2018\/01\/articulo-frank-768x2606.jpg 768w, https:\/\/streamexico.com\/home\/wp-content\/uploads\/2018\/01\/articulo-frank-302x1024.jpg 302w, https:\/\/streamexico.com\/home\/wp-content\/uploads\/2018\/01\/articulo-frank-700x2375.jpg 700w\" sizes=\"(max-width: 862px) 100vw, 862px\" \/><\/p>\n","protected":false},"excerpt":{"rendered":"<p>StreaMexico nace en enero del 2010, con 12 a\u00f1os de experiencia nos hemos consolidad como la empresa l\u00edder de sistemas #streaming en M\u00e9xico. Nuestro Corporativo se ubica en la Ciudad de M\u00e9xico, desde donde se opera la tecnolog\u00eda, log\u00edstica t\u00e9cnica y humana hacia todo el&#8230;<\/p>\n","protected":false},"author":1,"featured_media":0,"parent":0,"menu_order":0,"comment_status":"closed","ping_status":"closed","template":"","meta":[],"_links":{"self":[{"href":"https:\/\/streamexico.com\/home\/wp-json\/wp\/v2\/pages\/3397"}],"collection":[{"href":"https:\/\/streamexico.com\/home\/wp-json\/wp\/v2\/pages"}],"about":[{"href":"https:\/\/streamexico.com\/home\/wp-json\/wp\/v2\/types\/page"}],"author":[{"embeddable":true,"href":"https:\/\/streamexico.com\/home\/wp-json\/wp\/v2\/users\/1"}],"replies":[{"embeddable":true,"href":"https:\/\/streamexico.com\/home\/wp-json\/wp\/v2\/comments?post=3397"}],"version-history":[{"count":4,"href":"https:\/\/streamexico.com\/home\/wp-json\/wp\/v2\/pages\/3397\/revisions"}],"predecessor-version":[{"id":9628,"href":"https:\/\/streamexico.com\/home\/wp-json\/wp\/v2\/pages\/3397\/revisions\/9628"}],"wp:attachment":[{"href":"https:\/\/streamexico.com\/home\/wp-json\/wp\/v2\/media?parent=3397"}],"curies":[{"name":"wp","href":"https:\/\/api.w.org\/{rel}","templated":true}]}}