{"id":8,"date":"2013-09-12T00:52:47","date_gmt":"2013-09-12T00:52:47","guid":{"rendered":"http:\/\/streamexico.com\/?page_id=8"},"modified":"2024-08-15T18:53:44","modified_gmt":"2024-08-15T18:53:44","slug":"streaming","status":"publish","type":"page","link":"https:\/\/streamexico.com\/home\/streaming\/","title":{"rendered":"EL STREAMING"},"content":{"rendered":"<p style=\"text-align: justify;\">Una de las tendencias en los \u00faltimos a\u00f1os es que los productos y servicios est\u00e1n optando por generar sus propios medios de comunicaci\u00f3n y los contenidos audiovisuales son esenciales.<\/p>\n<p style=\"text-align: justify;\">Nuestra empresa le brinda toda la asesor\u00eda desde la conceptualizaci\u00f3n de la idea, compra-renta de equipo t\u00e9cnico, preproducci\u00f3n y post producci\u00f3n.<\/p>\n<p style=\"text-align: justify;\">Si usted tiene un evento que desea transmitir en vivo,\u00a0<strong>StreaMexico<\/strong>\u00a0puede unirse a su equipo y hacer que su evento trascienda fronteras. Su p\u00fablico puede accesar libremente o con accesos restringidos.<\/p>\n<p style=\"text-align: justify;\"><strong>StreaMexico<\/strong> le ofrece servicios de streaming a precios accesibles para transmitir: Congresos, Eventos deportivos, Espect\u00e1culos, Reuniones de trabajo o Sociales, Conciertos, Servicios de Promoci\u00f3n, Educativas y Religiosas, as\u00ed como transmisiones en vivo (de Radio-TV) Y Town Halls.<\/p>\n<p style=\"text-align: justify;\"><strong>StreaMexico<\/strong> ofrece a su evento, una plataforma de streaming flexible con una extraordinaria calidad de audio y v\u00eddeo en cuanto a la tasa de bits y ancho de banda necesario, se caracteriza por el corto tiempo de retardo en el buffer. Esto le permite obtener im\u00e1genes en directo y en tiempo real a baja transferencia.<\/p>\n<p style=\"text-align: justify;\"><strong>StreaMexico<\/strong> tambi\u00e9n ofrece formatos de codificaci\u00f3n de v\u00eddeo en alta definici\u00f3n completa con H.264 y protocolos RTMP RTSP. Los archivos de audio y video se reproducen con el uso de un reproductor incrustado directamente en su p\u00e1gina web. Estos reproductores se configuran para funcionar pr\u00e1cticamente en cualquier sistema operativo.<\/p>\n<p style=\"text-align: justify;\">Contamos\u00a0con los codificadores\u00a0para transmitir a m\u00f3viles como <strong>iPad, iPhone y Android <\/strong>desde nuestros servidores privados o plataformas p\u00fablicas como <span style=\"color: #000000;\"><strong>Youtube, Facebook y Twitter,<\/strong> as\u00ed como directamente a sistemas de videoconferencias como<strong> Zoom, Webex, Teams, Skype.<\/strong><\/span><\/p>\n<p style=\"text-align: justify;\">Streaming \u2013 Entrega a computadoras y dispositivos m\u00f3viles<\/p>\n<p style=\"text-align: justify;\">&#8211;\u00a0\u00a0\u00a0 Renta de canales de audio y video \u2013 Calidad HD.<\/p>\n<p style=\"text-align: justify;\">&#8211;\u00a0\u00a0\u00a0 Transmisi\u00f3n de eventos en vivo, usuarios ilimitados.<\/p>\n<p style=\"text-align: justify;\">&#8211;\u00a0\u00a0\u00a0 Renta de equipo t\u00e9cnico (Audio y video).<\/p>\n<p style=\"text-align: justify;\">&#8211;\u00a0\u00a0\u00a0 Producci\u00f3n de identidad audiovisual para su evento.<\/p>\n<p style=\"text-align: justify;\">&#8211;\u00a0\u00a0\u00a0 Productores y camar\u00f3grafos profesionales.<\/p>\n<p style=\"text-align: justify;\">&#8211;\u00a0\u00a0\u00a0 Grabaci\u00f3n de eventos para uso posterior a demanda.<\/p>\n<p style=\"text-align: justify;\">&#8211; \u00a0 \u00a0Streaming Inside (Video compartido a su red sin conectarse a internet)<\/p>\n<p style=\"text-align: justify;\">&#8211; \u00a0 Producci\u00f3n de videomemorias y making off<\/p>\n<p>No lo pienses, StreaMexico cuenta con la experiencia para hacer de tu evento algo trascendental y exitoso. Comun\u00edcate y hablemos sobre tu proyecto.<\/p>\n<p><span style=\"color: #339966;\"><strong>Email: ventas@streamexico.com<\/strong><\/span><\/p>\n<p><span style=\"color: #339966;\"><strong>Twitter:\u00a0<a style=\"color: #339966;\" href=\"http:\/\/www.twitter.com\/stream_mexico\" target=\"_blank\" rel=\"noopener\">@Stream_Mexico<\/a><\/strong><\/span><\/p>\n<p><span style=\"color: #339966;\"><strong>Facebook:\u00a0<a style=\"color: #339966;\" href=\"http:\/\/www.facebook.com\/streamexico\" target=\"_blank\" rel=\"noopener\">StreaMexico<\/a><\/strong><\/span><\/p>\n","protected":false},"excerpt":{"rendered":"<p>Una de las tendencias en los \u00faltimos a\u00f1os es que los productos y servicios est\u00e1n optando por generar sus propios medios de comunicaci\u00f3n y los contenidos audiovisuales son esenciales. Nuestra empresa le brinda toda la asesor\u00eda desde la conceptualizaci\u00f3n de la idea, compra-renta de equipo&#8230;<\/p>\n","protected":false},"author":1,"featured_media":0,"parent":0,"menu_order":0,"comment_status":"closed","ping_status":"closed","template":"","meta":[],"_links":{"self":[{"href":"https:\/\/streamexico.com\/home\/wp-json\/wp\/v2\/pages\/8"}],"collection":[{"href":"https:\/\/streamexico.com\/home\/wp-json\/wp\/v2\/pages"}],"about":[{"href":"https:\/\/streamexico.com\/home\/wp-json\/wp\/v2\/types\/page"}],"author":[{"embeddable":true,"href":"https:\/\/streamexico.com\/home\/wp-json\/wp\/v2\/users\/1"}],"replies":[{"embeddable":true,"href":"https:\/\/streamexico.com\/home\/wp-json\/wp\/v2\/comments?post=8"}],"version-history":[{"count":34,"href":"https:\/\/streamexico.com\/home\/wp-json\/wp\/v2\/pages\/8\/revisions"}],"predecessor-version":[{"id":9632,"href":"https:\/\/streamexico.com\/home\/wp-json\/wp\/v2\/pages\/8\/revisions\/9632"}],"wp:attachment":[{"href":"https:\/\/streamexico.com\/home\/wp-json\/wp\/v2\/media?parent=8"}],"curies":[{"name":"wp","href":"https:\/\/api.w.org\/{rel}","templated":true}]}}